{"id":4932,"date":"2025-04-01T13:14:27","date_gmt":"2025-04-01T13:14:27","guid":{"rendered":"https:\/\/restoranmihailo.rs\/?page_id=4932"},"modified":"2025-04-01T23:37:26","modified_gmt":"2025-04-01T23:37:26","slug":"proslave","status":"publish","type":"page","link":"https:\/\/restoranmihailo.rs\/?page_id=4932","title":{"rendered":"Proslave"},"content":{"rendered":"\t\t<div data-elementor-type=\"wp-page\" data-elementor-id=\"4932\" class=\"elementor elementor-4932\">\n\t\t\t\t\t\t<section class=\"elementor-section elementor-top-section elementor-element elementor-element-c894678 elementor-section-boxed elementor-section-height-default elementor-section-height-default eltdf-parallax-row-no eltdf-content-aligment-left eltdf-elementor-row-grid-no eltdf-disabled-bg-image-bellow-no\" data-id=\"c894678\" data-element_type=\"section\">\n\t\t\t\t\t\t<div class=\"elementor-container elementor-column-gap-default\">\n\t\t\t\t\t<div class=\"elementor-column elementor-col-100 elementor-top-column elementor-element elementor-element-ab8dc47\" data-id=\"ab8dc47\" data-element_type=\"column\">\n\t\t\t<div class=\"elementor-widget-wrap elementor-element-populated\">\n\t\t\t\t\t\t<section class=\"elementor-section elementor-inner-section elementor-element elementor-element-ad60619 elementor-section-full_width eltdf-elementor-row-grid-section elementor-section-height-default elementor-section-height-default eltdf-parallax-row-no eltdf-content-aligment-left eltdf-disabled-bg-image-bellow-no\" data-id=\"ad60619\" data-element_type=\"section\">\n\t\t\t\t\t\t<div class=\"elementor-container elementor-column-gap-default\">\n\t\t\t\t\t<div class=\"elementor-column elementor-col-50 elementor-inner-column elementor-element elementor-element-3d83707\" data-id=\"3d83707\" data-element_type=\"column\" data-settings=\"{&quot;background_background&quot;:&quot;classic&quot;}\">\n\t\t\t<div class=\"elementor-widget-wrap elementor-element-populated\">\n\t\t\t\t\t\t<div class=\"elementor-element elementor-element-4033f7a elementor-widget elementor-widget-image\" data-id=\"4033f7a\" data-element_type=\"widget\" data-widget_type=\"image.default\">\n\t\t\t\t<div class=\"elementor-widget-container\">\n\t\t\t\t\t\t\t\t\t\t\t\t\t\t\t<img decoding=\"async\" src=\"https:\/\/restoranmihailo.rs\/wp-content\/uploads\/elementor\/thumbs\/stool-1-scaled-r3qo9cmzscgb63ac0yelxcsrfe7agdhaf6kgkt94hc.jpg\" title=\"stool\" alt=\"stool\" loading=\"lazy\" \/>\t\t\t\t\t\t\t\t\t\t\t\t\t\t\t<\/div>\n\t\t\t\t<\/div>\n\t\t\t\t\t<\/div>\n\t\t<\/div>\n\t\t\t\t<div class=\"elementor-column elementor-col-50 elementor-inner-column elementor-element elementor-element-112738d\" data-id=\"112738d\" data-element_type=\"column\">\n\t\t\t<div class=\"elementor-widget-wrap elementor-element-populated\">\n\t\t\t\t\t\t<div class=\"elementor-element elementor-element-08f112b elementor-widget elementor-widget-eltdf_section_title\" data-id=\"08f112b\" data-element_type=\"widget\" data-widget_type=\"eltdf_section_title.default\">\n\t\t\t\t<div class=\"elementor-widget-container\">\n\t\t\t\t\t<div class=\"eltdf-section-title-holder   eltdf-st-title-wrapped eltdf-st-decor-animation\" style=\"text-align: center\">\n\t<div class=\"eltdf-st-inner\">\n        \t\t            <div class=\"eltdf-st-title-holder\">\n                                    <div class=\"decor\"><svg xmlns=\"http:\/\/www.w3.org\/2000\/svg\" width=\"41.125\" height=\"9.146\">\n                            <path fill=\"none\" stroke=\"#9C7C57\" stroke-miterlimit=\"10\" d=\"M40.881 8.576L20.562.591.244 8.576\"\/>\n                            <path fill=\"none\" stroke=\"#9C7C57\" stroke-miterlimit=\"10\" d=\"M40.881.591L20.562 8.576.243.591\"\/>\n                        <\/svg><\/div>\n                                <h2 class=\"eltdf-st-title\" >\n                    Sve vrste proslava                <\/h2>\n                                    <div class=\"decor\"><svg xmlns=\"http:\/\/www.w3.org\/2000\/svg\" width=\"41.125\" height=\"9.146\">\n                            <path fill=\"none\" stroke=\"#9C7C57\" stroke-miterlimit=\"10\" d=\"M40.881 8.576L20.562.591.244 8.576\"\/>\n                            <path fill=\"none\" stroke=\"#9C7C57\" stroke-miterlimit=\"10\" d=\"M40.881.591L20.562 8.576.243.591\"\/>\n                        <\/svg><\/div>\n                            <\/div>\n\t\t\t\t\t\t\t<p class=\"eltdf-st-text\" >\n\t\t\t\tVa\u0161em poslovnom ru\u010dku, korporativnom ili privatnom doga\u0111aju ili proslavi\ndoda\u0107emo notu besprekornosti i nezaborava.\t\t\t<\/p>\n\t\t\t\t\t<\/div>\n<\/div>\t\t\t\t<\/div>\n\t\t\t\t<\/div>\n\t\t\t\t\t<\/div>\n\t\t<\/div>\n\t\t\t\t\t<\/div>\n\t\t<\/section>\n\t\t\t\t\t<\/div>\n\t\t<\/div>\n\t\t\t\t\t<\/div>\n\t\t<\/section>\n\t\t\t\t<section class=\"elementor-section elementor-top-section elementor-element elementor-element-bddd6b6 elementor-section-boxed elementor-section-height-default elementor-section-height-default eltdf-parallax-row-no eltdf-content-aligment-left eltdf-elementor-row-grid-no eltdf-disabled-bg-image-bellow-no\" data-id=\"bddd6b6\" data-element_type=\"section\">\n\t\t\t\t\t\t<div class=\"elementor-container elementor-column-gap-default\">\n\t\t\t\t\t<div class=\"elementor-column elementor-col-25 elementor-top-column elementor-element elementor-element-fc5d718\" data-id=\"fc5d718\" data-element_type=\"column\">\n\t\t\t<div class=\"elementor-widget-wrap elementor-element-populated\">\n\t\t\t\t\t\t<div class=\"elementor-element elementor-element-07f7229 elementor-widget elementor-widget-eltdf_section_title\" data-id=\"07f7229\" data-element_type=\"widget\" data-widget_type=\"eltdf_section_title.default\">\n\t\t\t\t<div class=\"elementor-widget-container\">\n\t\t\t\t\t<div class=\"eltdf-section-title-holder    eltdf-st-decor-animation\" style=\"text-align: center\">\n\t<div class=\"eltdf-st-inner\">\n        \t\t\t\t\t\t\t\t\t<div class=\"eltdf-st-button\"><a itemprop=\"url\" href=\"https:\/\/restoranmihailo.rs\/wp-content\/uploads\/2025\/04\/meni-za-grupe-hrana.pdf\" target=\"_blank\"  class=\"eltdf-btn eltdf-btn-medium eltdf-btn-simple\"  >        <span class=\"eltdf-btn-text\">Ponude Hrana<\/span>        <\/a><\/div>\n\t\t\t<\/div>\n<\/div>\t\t\t\t<\/div>\n\t\t\t\t<\/div>\n\t\t\t\t\t<\/div>\n\t\t<\/div>\n\t\t\t\t<div class=\"elementor-column elementor-col-25 elementor-top-column elementor-element elementor-element-3a6f999\" data-id=\"3a6f999\" data-element_type=\"column\">\n\t\t\t<div class=\"elementor-widget-wrap elementor-element-populated\">\n\t\t\t\t\t\t<div class=\"elementor-element elementor-element-45b04b1 elementor-widget elementor-widget-eltdf_section_title\" data-id=\"45b04b1\" data-element_type=\"widget\" data-widget_type=\"eltdf_section_title.default\">\n\t\t\t\t<div class=\"elementor-widget-container\">\n\t\t\t\t\t<div class=\"eltdf-section-title-holder    eltdf-st-decor-animation\" style=\"text-align: center\">\n\t<div class=\"eltdf-st-inner\">\n        \t\t\t\t\t\t\t\t\t<div class=\"eltdf-st-button\"><a itemprop=\"url\" href=\"https:\/\/restoranmihailo.rs\/wp-content\/uploads\/2025\/04\/meni-za-grupe-pice.pdf\" target=\"_blank\"  class=\"eltdf-btn eltdf-btn-medium eltdf-btn-simple\"  >        <span class=\"eltdf-btn-text\">Ponude Pice<\/span>        <\/a><\/div>\n\t\t\t<\/div>\n<\/div>\t\t\t\t<\/div>\n\t\t\t\t<\/div>\n\t\t\t\t\t<\/div>\n\t\t<\/div>\n\t\t\t\t<div class=\"elementor-column elementor-col-25 elementor-top-column elementor-element elementor-element-ab1c64c\" data-id=\"ab1c64c\" data-element_type=\"column\">\n\t\t\t<div class=\"elementor-widget-wrap elementor-element-populated\">\n\t\t\t\t\t\t<div class=\"elementor-element elementor-element-1822ec7 elementor-widget elementor-widget-eltdf_section_title\" data-id=\"1822ec7\" data-element_type=\"widget\" data-widget_type=\"eltdf_section_title.default\">\n\t\t\t\t<div class=\"elementor-widget-container\">\n\t\t\t\t\t<div class=\"eltdf-section-title-holder    eltdf-st-decor-animation\" style=\"text-align: center\">\n\t<div class=\"eltdf-st-inner\">\n        \t\t\t\t\t\t\t\t\t<div class=\"eltdf-st-button\"><a itemprop=\"url\" href=\"https:\/\/restoranmihailo.rs\/wp-content\/uploads\/2025\/04\/Meni-grupe-ENG.pdf\" target=\"_blank\"  class=\"eltdf-btn eltdf-btn-medium eltdf-btn-simple\"  >        <span class=\"eltdf-btn-text\">Food menu eng.<\/span>        <\/a><\/div>\n\t\t\t<\/div>\n<\/div>\t\t\t\t<\/div>\n\t\t\t\t<\/div>\n\t\t\t\t\t<\/div>\n\t\t<\/div>\n\t\t\t\t<div class=\"elementor-column elementor-col-25 elementor-top-column elementor-element elementor-element-9907326\" data-id=\"9907326\" data-element_type=\"column\">\n\t\t\t<div class=\"elementor-widget-wrap elementor-element-populated\">\n\t\t\t\t\t\t<div class=\"elementor-element elementor-element-f15da9b elementor-widget elementor-widget-eltdf_section_title\" data-id=\"f15da9b\" data-element_type=\"widget\" data-widget_type=\"eltdf_section_title.default\">\n\t\t\t\t<div class=\"elementor-widget-container\">\n\t\t\t\t\t<div class=\"eltdf-section-title-holder    eltdf-st-decor-animation\" style=\"text-align: center\">\n\t<div class=\"eltdf-st-inner\">\n        \t\t\t\t\t\t\t\t\t<div class=\"eltdf-st-button\"><a itemprop=\"url\" href=\"https:\/\/restoranmihailo.rs\/wp-content\/uploads\/2025\/04\/BEVERAGE-PACKAGE.pdf\" target=\"_blank\"  class=\"eltdf-btn eltdf-btn-medium eltdf-btn-simple\"  >        <span class=\"eltdf-btn-text\">Beverage menu eng.<\/span>        <\/a><\/div>\n\t\t\t<\/div>\n<\/div>\t\t\t\t<\/div>\n\t\t\t\t<\/div>\n\t\t\t\t\t<\/div>\n\t\t<\/div>\n\t\t\t\t\t<\/div>\n\t\t<\/section>\n\t\t\t\t<section class=\"elementor-section elementor-top-section elementor-element elementor-element-2684cd3 elementor-section-boxed elementor-section-height-default elementor-section-height-default eltdf-parallax-row-no eltdf-content-aligment-left eltdf-elementor-row-grid-no eltdf-disabled-bg-image-bellow-no\" data-id=\"2684cd3\" data-element_type=\"section\">\n\t\t\t\t\t\t<div class=\"elementor-container elementor-column-gap-default\">\n\t\t\t\t\t<div class=\"elementor-column elementor-col-100 elementor-top-column elementor-element elementor-element-96fdeb6\" data-id=\"96fdeb6\" data-element_type=\"column\">\n\t\t\t<div class=\"elementor-widget-wrap elementor-element-populated\">\n\t\t\t\t\t\t<section class=\"elementor-section elementor-inner-section elementor-element elementor-element-d614891 elementor-section-boxed elementor-section-height-default elementor-section-height-default eltdf-parallax-row-no eltdf-content-aligment-left eltdf-elementor-row-grid-no eltdf-disabled-bg-image-bellow-no\" data-id=\"d614891\" data-element_type=\"section\">\n\t\t\t\t\t\t<div class=\"elementor-container elementor-column-gap-default\">\n\t\t\t\t\t<div class=\"elementor-column elementor-col-100 elementor-inner-column elementor-element elementor-element-3ad11a4\" data-id=\"3ad11a4\" data-element_type=\"column\">\n\t\t\t<div class=\"elementor-widget-wrap elementor-element-populated\">\n\t\t\t\t\t\t<div class=\"elementor-element elementor-element-fb565a2 elementor-widget elementor-widget-text-editor\" data-id=\"fb565a2\" data-element_type=\"widget\" data-widget_type=\"text-editor.default\">\n\t\t\t\t<div class=\"elementor-widget-container\">\n\t\t\t\t\t\t\t\t\t<p>O\u010daravaju\u0107i ambijent na\u0161eg restorana, koji u potpunosti do\u010darava autenti\u010dnost na\u0161e zemlje i njenu gastronomiju pru\u017ei\u0107e vam jedinstvenu priliku da na jedan poseban na\u010din obele\u017eite sve one vama va\u017ene trenutke sa ljudima koje volilte,<br \/>ali i organizujete i odr\u017eite poslovni ii korporativni doga\u0111aj i sastanak uz osecaj u\u017eitka i opu\u0161tanja. Za va\u0161e dogadjaje priprmili smo jedinstvenu ponudu<br \/>kreirano od tradicionalnih jela ali i jednog modernog,savremenog gastrononmskog iskustva i besprekorne usluge koja \u0107e zadovoljiti \u010dak i one najizbirljivije.<br \/>Va\u0161em poslovnom ru\u010dku, korporativnom ili privatnom doga\u0111aju ili proslavi<br \/>doda\u0107emo notu besprekornosti i nezaborava.<\/p>\t\t\t\t\t\t\t\t<\/div>\n\t\t\t\t<\/div>\n\t\t\t\t\t<\/div>\n\t\t<\/div>\n\t\t\t\t\t<\/div>\n\t\t<\/section>\n\t\t\t\t<div class=\"elementor-element elementor-element-f11d901 elementor-widget__width-auto elementor-widget elementor-widget-eltdf_button\" data-id=\"f11d901\" data-element_type=\"widget\" data-widget_type=\"eltdf_button.default\">\n\t\t\t\t<div class=\"elementor-widget-container\">\n\t\t\t\t\t<a itemprop=\"url\" href=\"https:\/\/restoranmihailo.rs\/?page_id=3560\" target=\"_blank\" style=\"padding: \" class=\"eltdf-btn eltdf-btn-medium eltdf-btn-simple\"  0=\"padding: \">\n        <span class=\"eltdf-btn-text\">Galerija slika<\/span>\n        <\/a>\t\t\t\t<\/div>\n\t\t\t\t<\/div>\n\t\t\t\t\t<\/div>\n\t\t<\/div>\n\t\t\t\t\t<\/div>\n\t\t<\/section>\n\t\t\t\t<\/div>\n\t\t","protected":false},"excerpt":{"rendered":"<p>Sve vrste proslava Va\u0161em poslovnom ru\u010dku, korporativnom ili privatnom doga\u0111aju ili proslavi doda\u0107emo notu besprekornosti i nezaborava. Ponude Hrana Ponude Pice Food menu eng. Beverage menu eng. O\u010daravaju\u0107i ambijent na\u0161eg restorana, koji u potpunosti do\u010darava autenti\u010dnost na\u0161e zemlje i njenu gastronomiju pru\u017ei\u0107e vam jedinstvenu priliku da na jedan poseban na\u010din obele\u017eite sve one vama va\u017ene trenutke sa ljudima koje volilte,ali [&hellip;]<\/p>\n","protected":false},"author":1,"featured_media":0,"parent":0,"menu_order":0,"comment_status":"closed","ping_status":"closed","template":"elementor_header_footer","meta":{"footnotes":""},"class_list":["post-4932","page","type-page","status-publish","hentry"],"_links":{"self":[{"href":"https:\/\/restoranmihailo.rs\/index.php?rest_route=\/wp\/v2\/pages\/4932","targetHints":{"allow":["GET"]}}],"collection":[{"href":"https:\/\/restoranmihailo.rs\/index.php?rest_route=\/wp\/v2\/pages"}],"about":[{"href":"https:\/\/restoranmihailo.rs\/index.php?rest_route=\/wp\/v2\/types\/page"}],"author":[{"embeddable":true,"href":"https:\/\/restoranmihailo.rs\/index.php?rest_route=\/wp\/v2\/users\/1"}],"replies":[{"embeddable":true,"href":"https:\/\/restoranmihailo.rs\/index.php?rest_route=%2Fwp%2Fv2%2Fcomments&post=4932"}],"version-history":[{"count":61,"href":"https:\/\/restoranmihailo.rs\/index.php?rest_route=\/wp\/v2\/pages\/4932\/revisions"}],"predecessor-version":[{"id":5057,"href":"https:\/\/restoranmihailo.rs\/index.php?rest_route=\/wp\/v2\/pages\/4932\/revisions\/5057"}],"wp:attachment":[{"href":"https:\/\/restoranmihailo.rs\/index.php?rest_route=%2Fwp%2Fv2%2Fmedia&parent=4932"}],"curies":[{"name":"wp","href":"https:\/\/api.w.org\/{rel}","templated":true}]}}